{"id":927,"date":"2023-09-01T16:52:46","date_gmt":"2023-09-01T14:52:46","guid":{"rendered":"https:\/\/innowacjespoleczne.pl\/wymianna\/?page_id=927"},"modified":"2023-09-20T11:45:43","modified_gmt":"2023-09-20T09:45:43","slug":"preinkubacja-jeden-wyraz-kilka-definicji-kilkanascie-podejsc-setki-doswiadczen-czyli-sesja-wymiany-dobrych-praktyk-polskich-i-swiatowych","status":"publish","type":"page","link":"https:\/\/test.innowacjespoleczne.org.pl\/wymianna\/edycja-4\/preinkubacja-jeden-wyraz-kilka-definicji-kilkanascie-podejsc-setki-doswiadczen-czyli-sesja-wymiany-dobrych-praktyk-polskich-i-swiatowych\/","title":{"rendered":"Preinkubacja \u2013 jeden wyraz, kilka definicji, kilkana\u015bcie podej\u015b\u0107, setki do\u015bwiadcze\u0144"},"content":{"rendered":"","protected":false},"excerpt":{"rendered":"","protected":false},"author":9,"featured_media":0,"parent":132,"menu_order":0,"comment_status":"closed","ping_status":"closed","template":"templates\/template-session.php","meta":{"_acf_changed":false,"footnotes":""},"class_list":["post-927","page","type-page","status-publish","hentry"],"acf":[],"yoast_head":"<!-- This site is optimized with the Yoast SEO plugin v24.1 - https:\/\/yoast.com\/wordpress\/plugins\/seo\/ -->\n<title>Preinkubacja \u2013 jeden wyraz, kilka definicji, kilkana\u015bcie podej\u015b\u0107, setki do\u015bwiadcze\u0144 - wymIaNNa<\/title>\n<meta name=\"robots\" content=\"index, follow, max-snippet:-1, max-image-preview:large, max-video-preview:-1\" \/>\n<link rel=\"canonical\" href=\"https:\/\/innowacjespoleczne.pl\/wymianna\/edycja-4\/preinkubacja-jeden-wyraz-kilka-definicji-kilkanascie-podejsc-setki-doswiadczen-czyli-sesja-wymiany-dobrych-praktyk-polskich-i-swiatowych\/\" \/>\n<meta property=\"og:locale\" content=\"pl_PL\" \/>\n<meta property=\"og:type\" content=\"article\" \/>\n<meta property=\"og:title\" content=\"Preinkubacja \u2013 jeden wyraz, kilka definicji, kilkana\u015bcie podej\u015b\u0107, setki do\u015bwiadcze\u0144 - wymIaNNa\" \/>\n<meta property=\"og:url\" content=\"https:\/\/innowacjespoleczne.pl\/wymianna\/edycja-4\/preinkubacja-jeden-wyraz-kilka-definicji-kilkanascie-podejsc-setki-doswiadczen-czyli-sesja-wymiany-dobrych-praktyk-polskich-i-swiatowych\/\" \/>\n<meta property=\"og:site_name\" content=\"wymIaNNa\" \/>\n<meta property=\"article:modified_time\" content=\"2023-09-20T09:45:43+00:00\" \/>\n<meta name=\"twitter:card\" content=\"summary_large_image\" \/>\n<script type=\"application\/ld+json\" class=\"yoast-schema-graph\">{\"@context\":\"https:\/\/schema.org\",\"@graph\":[{\"@type\":\"WebPage\",\"@id\":\"https:\/\/innowacjespoleczne.pl\/wymianna\/edycja-4\/preinkubacja-jeden-wyraz-kilka-definicji-kilkanascie-podejsc-setki-doswiadczen-czyli-sesja-wymiany-dobrych-praktyk-polskich-i-swiatowych\/\",\"url\":\"https:\/\/innowacjespoleczne.pl\/wymianna\/edycja-4\/preinkubacja-jeden-wyraz-kilka-definicji-kilkanascie-podejsc-setki-doswiadczen-czyli-sesja-wymiany-dobrych-praktyk-polskich-i-swiatowych\/\",\"name\":\"Preinkubacja \u2013 jeden wyraz, kilka definicji, kilkana\u015bcie podej\u015b\u0107, setki do\u015bwiadcze\u0144 - wymIaNNa\",\"isPartOf\":{\"@id\":\"https:\/\/innowacjespoleczne.pl\/wymianna\/#website\"},\"datePublished\":\"2023-09-01T14:52:46+00:00\",\"dateModified\":\"2023-09-20T09:45:43+00:00\",\"breadcrumb\":{\"@id\":\"https:\/\/innowacjespoleczne.pl\/wymianna\/edycja-4\/preinkubacja-jeden-wyraz-kilka-definicji-kilkanascie-podejsc-setki-doswiadczen-czyli-sesja-wymiany-dobrych-praktyk-polskich-i-swiatowych\/#breadcrumb\"},\"inLanguage\":\"pl-PL\",\"potentialAction\":[{\"@type\":\"ReadAction\",\"target\":[\"https:\/\/innowacjespoleczne.pl\/wymianna\/edycja-4\/preinkubacja-jeden-wyraz-kilka-definicji-kilkanascie-podejsc-setki-doswiadczen-czyli-sesja-wymiany-dobrych-praktyk-polskich-i-swiatowych\/\"]}]},{\"@type\":\"BreadcrumbList\",\"@id\":\"https:\/\/innowacjespoleczne.pl\/wymianna\/edycja-4\/preinkubacja-jeden-wyraz-kilka-definicji-kilkanascie-podejsc-setki-doswiadczen-czyli-sesja-wymiany-dobrych-praktyk-polskich-i-swiatowych\/#breadcrumb\",\"itemListElement\":[{\"@type\":\"ListItem\",\"position\":1,\"name\":\"Strona g\u0142\u00f3wna\",\"item\":\"https:\/\/innowacjespoleczne.pl\/wymianna\/\"},{\"@type\":\"ListItem\",\"position\":2,\"name\":\"Edycja 4\",\"item\":\"https:\/\/innowacjespoleczne.pl\/wymianna\/edycja-4\/\"},{\"@type\":\"ListItem\",\"position\":3,\"name\":\"Preinkubacja \u2013 jeden wyraz, kilka definicji, kilkana\u015bcie podej\u015b\u0107, setki do\u015bwiadcze\u0144\"}]},{\"@type\":\"WebSite\",\"@id\":\"https:\/\/innowacjespoleczne.pl\/wymianna\/#website\",\"url\":\"https:\/\/innowacjespoleczne.pl\/wymianna\/\",\"name\":\"wymIaNNa\",\"description\":\"\",\"potentialAction\":[{\"@type\":\"SearchAction\",\"target\":{\"@type\":\"EntryPoint\",\"urlTemplate\":\"https:\/\/innowacjespoleczne.pl\/wymianna\/?s={search_term_string}\"},\"query-input\":{\"@type\":\"PropertyValueSpecification\",\"valueRequired\":true,\"valueName\":\"search_term_string\"}}],\"inLanguage\":\"pl-PL\"}]}<\/script>\n<!-- \/ Yoast SEO plugin. -->","yoast_head_json":{"title":"Preinkubacja \u2013 jeden wyraz, kilka definicji, kilkana\u015bcie podej\u015b\u0107, setki do\u015bwiadcze\u0144 - wymIaNNa","robots":{"index":"index","follow":"follow","max-snippet":"max-snippet:-1","max-image-preview":"max-image-preview:large","max-video-preview":"max-video-preview:-1"},"canonical":"https:\/\/innowacjespoleczne.pl\/wymianna\/edycja-4\/preinkubacja-jeden-wyraz-kilka-definicji-kilkanascie-podejsc-setki-doswiadczen-czyli-sesja-wymiany-dobrych-praktyk-polskich-i-swiatowych\/","og_locale":"pl_PL","og_type":"article","og_title":"Preinkubacja \u2013 jeden wyraz, kilka definicji, kilkana\u015bcie podej\u015b\u0107, setki do\u015bwiadcze\u0144 - wymIaNNa","og_url":"https:\/\/innowacjespoleczne.pl\/wymianna\/edycja-4\/preinkubacja-jeden-wyraz-kilka-definicji-kilkanascie-podejsc-setki-doswiadczen-czyli-sesja-wymiany-dobrych-praktyk-polskich-i-swiatowych\/","og_site_name":"wymIaNNa","article_modified_time":"2023-09-20T09:45:43+00:00","twitter_card":"summary_large_image","schema":{"@context":"https:\/\/schema.org","@graph":[{"@type":"WebPage","@id":"https:\/\/innowacjespoleczne.pl\/wymianna\/edycja-4\/preinkubacja-jeden-wyraz-kilka-definicji-kilkanascie-podejsc-setki-doswiadczen-czyli-sesja-wymiany-dobrych-praktyk-polskich-i-swiatowych\/","url":"https:\/\/innowacjespoleczne.pl\/wymianna\/edycja-4\/preinkubacja-jeden-wyraz-kilka-definicji-kilkanascie-podejsc-setki-doswiadczen-czyli-sesja-wymiany-dobrych-praktyk-polskich-i-swiatowych\/","name":"Preinkubacja \u2013 jeden wyraz, kilka definicji, kilkana\u015bcie podej\u015b\u0107, setki do\u015bwiadcze\u0144 - wymIaNNa","isPartOf":{"@id":"https:\/\/innowacjespoleczne.pl\/wymianna\/#website"},"datePublished":"2023-09-01T14:52:46+00:00","dateModified":"2023-09-20T09:45:43+00:00","breadcrumb":{"@id":"https:\/\/innowacjespoleczne.pl\/wymianna\/edycja-4\/preinkubacja-jeden-wyraz-kilka-definicji-kilkanascie-podejsc-setki-doswiadczen-czyli-sesja-wymiany-dobrych-praktyk-polskich-i-swiatowych\/#breadcrumb"},"inLanguage":"pl-PL","potentialAction":[{"@type":"ReadAction","target":["https:\/\/innowacjespoleczne.pl\/wymianna\/edycja-4\/preinkubacja-jeden-wyraz-kilka-definicji-kilkanascie-podejsc-setki-doswiadczen-czyli-sesja-wymiany-dobrych-praktyk-polskich-i-swiatowych\/"]}]},{"@type":"BreadcrumbList","@id":"https:\/\/innowacjespoleczne.pl\/wymianna\/edycja-4\/preinkubacja-jeden-wyraz-kilka-definicji-kilkanascie-podejsc-setki-doswiadczen-czyli-sesja-wymiany-dobrych-praktyk-polskich-i-swiatowych\/#breadcrumb","itemListElement":[{"@type":"ListItem","position":1,"name":"Strona g\u0142\u00f3wna","item":"https:\/\/innowacjespoleczne.pl\/wymianna\/"},{"@type":"ListItem","position":2,"name":"Edycja 4","item":"https:\/\/innowacjespoleczne.pl\/wymianna\/edycja-4\/"},{"@type":"ListItem","position":3,"name":"Preinkubacja \u2013 jeden wyraz, kilka definicji, kilkana\u015bcie podej\u015b\u0107, setki do\u015bwiadcze\u0144"}]},{"@type":"WebSite","@id":"https:\/\/innowacjespoleczne.pl\/wymianna\/#website","url":"https:\/\/innowacjespoleczne.pl\/wymianna\/","name":"wymIaNNa","description":"","potentialAction":[{"@type":"SearchAction","target":{"@type":"EntryPoint","urlTemplate":"https:\/\/innowacjespoleczne.pl\/wymianna\/?s={search_term_string}"},"query-input":{"@type":"PropertyValueSpecification","valueRequired":true,"valueName":"search_term_string"}}],"inLanguage":"pl-PL"}]}},"_links":{"self":[{"href":"https:\/\/test.innowacjespoleczne.org.pl\/wymianna\/wp-json\/wp\/v2\/pages\/927","targetHints":{"allow":["GET"]}}],"collection":[{"href":"https:\/\/test.innowacjespoleczne.org.pl\/wymianna\/wp-json\/wp\/v2\/pages"}],"about":[{"href":"https:\/\/test.innowacjespoleczne.org.pl\/wymianna\/wp-json\/wp\/v2\/types\/page"}],"author":[{"embeddable":true,"href":"https:\/\/test.innowacjespoleczne.org.pl\/wymianna\/wp-json\/wp\/v2\/users\/9"}],"replies":[{"embeddable":true,"href":"https:\/\/test.innowacjespoleczne.org.pl\/wymianna\/wp-json\/wp\/v2\/comments?post=927"}],"version-history":[{"count":12,"href":"https:\/\/test.innowacjespoleczne.org.pl\/wymianna\/wp-json\/wp\/v2\/pages\/927\/revisions"}],"predecessor-version":[{"id":1625,"href":"https:\/\/test.innowacjespoleczne.org.pl\/wymianna\/wp-json\/wp\/v2\/pages\/927\/revisions\/1625"}],"up":[{"embeddable":true,"href":"https:\/\/test.innowacjespoleczne.org.pl\/wymianna\/wp-json\/wp\/v2\/pages\/132"}],"wp:attachment":[{"href":"https:\/\/test.innowacjespoleczne.org.pl\/wymianna\/wp-json\/wp\/v2\/media?parent=927"}],"curies":[{"name":"wp","href":"https:\/\/api.w.org\/{rel}","templated":true}]}}